{"id":590,"date":"2025-07-30T18:36:41","date_gmt":"2025-07-30T18:36:41","guid":{"rendered":"https:\/\/l2playoficial.com.br\/wfe\/?page_id=590"},"modified":"2026-04-07T12:30:05","modified_gmt":"2026-04-07T12:30:05","slug":"assinatura","status":"publish","type":"page","link":"https:\/\/l2playoficial.com.br\/wfe\/assinatura\/","title":{"rendered":"ASSINATURA"},"content":{"rendered":"\n<div class=\"wp-block-group alignfull is-content-justification-center is-layout-constrained wp-container-core-group-is-layout-3a9659c9 wp-block-group-is-layout-constrained\" style=\"margin-top:0;margin-bottom:0;padding-top:calc( 0.5 * var(--wp--style--root--padding-right, var(--wp--custom--gap--horizontal)));padding-right:var(--wp--style--root--padding-right, var(--wp--custom--gap--horizontal));padding-bottom:calc( 0.5 * var(--wp--style--root--padding-right, var(--wp--custom--gap--horizontal)));padding-left:var(--wp--style--root--padding-left, var(--wp--custom--gap--horizontal))\">\n<div style=\"height:calc( 0.25 * var(--wp--style--root--padding-right, var(--wp--custom--gap--horizontal)))\" aria-hidden=\"true\" class=\"wp-block-spacer\"><\/div>\n\n\n\n<div style=\"height:0px\" aria-hidden=\"true\" class=\"wp-block-spacer\"><\/div>\n\n\n\n<div style=\"height:calc( 0.25 * var(--wp--style--root--padding-right, var(--wp--custom--gap--horizontal)))\" aria-hidden=\"true\" class=\"wp-block-spacer\"><\/div>\n<\/div>\n\n\n\n<div class=\"wp-block-group alignfull has-dark-shade-background-color has-background is-layout-constrained wp-container-core-group-is-layout-99d8be67 wp-block-group-is-layout-constrained\" style=\"border-style:none;border-width:0px;padding-top:0;padding-right:0;padding-bottom:7rem;padding-left:0\">\n<div class=\"wp-block-group is-layout-constrained wp-container-core-group-is-layout-f8ce1543 wp-block-group-is-layout-constrained\" style=\"margin-top:0;margin-bottom:23px;padding-top:0;padding-right:0;padding-bottom:0;padding-left:0\">\n<h3 class=\"wp-block-heading has-text-align-center has-light-color-color has-text-color has-link-color has-big-font-size wp-elements-dd6c8da0fac9d4bdba140d9e1000b53b\" style=\"font-style:normal;font-weight:500;line-height:1.3\">Para voc\u00ea ter acesso, basta escolher o melhor plano para voc\u00ea, no bot\u00e3o ASSINAR. Voc\u00ea ser\u00e1 redirecionado para a nossa conta oficial no Telegram.<\/h3>\n\n\n\n<div class=\"wp-block-group is-content-justification-center is-nowrap is-layout-flex wp-container-core-group-is-layout-23441af8 wp-block-group-is-layout-flex\">\n<div class=\"wp-block-group is-style-saaslauncher-gradient-border has-border-color has-border-color-border-color has-dark-shade-background-color has-background is-layout-constrained wp-container-core-group-is-layout-bccc2d18 wp-block-group-is-layout-constrained\" style=\"border-width:1px;border-radius:60px;padding-top:3px;padding-right:12px;padding-bottom:3px;padding-left:12px\">\n<h5 class=\"wp-block-heading has-light-color-color has-text-color has-link-color has-small-font-size wp-elements-a1efb3ddcf57140f7195d4a6055a98d3\" style=\"text-transform:uppercase\">PLANOS DISPON\u00cdVEIS<\/h5>\n<\/div>\n<\/div>\n<\/div>\n\n\n\n<div class=\"wp-block-columns alignfull is-layout-flex wp-container-core-columns-is-layout-153bc37e wp-block-columns-is-layout-flex\" style=\"border-radius:27px;margin-top:60px;padding-right:0;padding-left:0\">\n<div class=\"wp-block-column is-layout-flow wp-block-column-is-layout-flow\">\n<div class=\"wp-block-group is-style-homedroid-boxshadow modestra-hover-box is-style-default has-border-color has-secondary-border-color is-layout-constrained wp-container-core-group-is-layout-fab905c0 wp-block-group-is-layout-constrained\" style=\"border-width:1px;border-radius:6px;margin-top:0;margin-bottom:0;padding-top:40px;padding-right:40px;padding-bottom:40px;padding-left:40px\">\n<div class=\"wp-block-group is-nowrap is-layout-flex wp-container-core-group-is-layout-902a4479 wp-block-group-is-layout-flex\">\n<h1 class=\"wp-block-heading has-light-color-color has-text-color has-link-color has-xx-large-font-size wp-elements-12280aa72e71040918ab1a0a4a4fd823\" style=\"font-style:normal;font-weight:700;line-height:1\">R$ 3<\/h1>\n\n\n\n<p class=\"has-light-color-color has-text-color has-link-color wp-elements-87ae13bd287a49800078a9fd3ada6c85\">\/cada<\/p>\n<\/div>\n\n\n\n<h4 class=\"wp-block-heading has-light-color-color has-text-color has-link-color has-medium-font-size wp-elements-fb74071761803be9c8e076137722aa17\" style=\"margin-top:var(--wp--preset--spacing--30);margin-bottom:var(--wp--preset--spacing--30);font-style:normal;font-weight:500\">Por s\u00e9rie ou filme<\/h4>\n\n\n\n<div class=\"wp-block-buttons is-style-button-zoom-on-hover is-layout-flex wp-block-buttons-is-layout-flex\" style=\"margin-top:28px;margin-bottom:20px\">\n<div class=\"wp-block-button has-custom-width wp-block-button__width-100 is-style-button-with-gradient-border\"><a class=\"wp-block-button__link has-light-color-color has-dark-shade-background-color has-text-color has-background has-link-color has-medium-font-size has-custom-font-size wp-element-button\" href=\"http:\/\/t.me\/L2PlaySuporte\" style=\"border-width:1px;border-radius:6px;padding-top:var(--wp--preset--spacing--40);padding-right:var(--wp--preset--spacing--30);padding-bottom:var(--wp--preset--spacing--40);padding-left:var(--wp--preset--spacing--30);font-style:normal;font-weight:500\" target=\"_blank\" rel=\"noreferrer noopener\">ASSINAR<\/a><\/div>\n<\/div>\n\n\n\n<p>Paque por pix.<br>\u00c9 enviado em seu particular no telegram.<\/p>\n<\/div>\n<\/div>\n\n\n\n<div class=\"wp-block-column is-layout-flow wp-block-column-is-layout-flow\">\n<div class=\"wp-block-group is-style-homedroid-boxshadow modestra-hover-box is-style-default has-border-color has-secondary-border-color is-layout-constrained wp-container-core-group-is-layout-fab905c0 wp-block-group-is-layout-constrained\" style=\"border-width:1px;border-radius:6px;margin-top:0;margin-bottom:0;padding-top:40px;padding-right:40px;padding-bottom:40px;padding-left:40px\">\n<div class=\"wp-block-group is-nowrap is-layout-flex wp-container-core-group-is-layout-902a4479 wp-block-group-is-layout-flex\">\n<h1 class=\"wp-block-heading has-light-color-color has-text-color has-link-color has-xx-large-font-size wp-elements-667954cb7888f8325acff95b31a04d74\" style=\"font-style:normal;font-weight:700;line-height:1\">R$ 12<\/h1>\n\n\n\n<p class=\"has-light-color-color has-text-color has-link-color wp-elements-fe7ba97662abcb6ce702c38b53893a45\">\/m\u00eas<\/p>\n<\/div>\n\n\n\n<h4 class=\"wp-block-heading has-light-color-color has-text-color has-link-color has-medium-font-size wp-elements-c73f78b2fff3c18a8620f331ee5a0d0a\" style=\"margin-top:var(--wp--preset--spacing--30);margin-bottom:var(--wp--preset--spacing--30);font-style:normal;font-weight:500\">Mensal<\/h4>\n\n\n\n<div class=\"wp-block-buttons is-style-button-zoom-on-hover is-layout-flex wp-block-buttons-is-layout-flex\" style=\"margin-top:28px;margin-bottom:20px\">\n<div class=\"wp-block-button has-custom-width wp-block-button__width-100 is-style-button-with-gradient-border\"><a class=\"wp-block-button__link has-light-color-color has-dark-shade-background-color has-text-color has-background has-link-color has-medium-font-size has-custom-font-size wp-element-button\" href=\"https:\/\/t.me\/BotMonitoramentobot\" style=\"border-width:1px;border-radius:6px;padding-top:var(--wp--preset--spacing--40);padding-right:var(--wp--preset--spacing--30);padding-bottom:var(--wp--preset--spacing--40);padding-left:var(--wp--preset--spacing--30);font-style:normal;font-weight:500\" target=\"_blank\" rel=\"noreferrer noopener\">ASSINAR<\/a><\/div>\n<\/div>\n\n\n\n<p>Assine e pague por pix.<br>Renova\u00e7\u00e3o a cada 30 dias.<\/p>\n<\/div>\n<\/div>\n<\/div>\n\n\n\n<div class=\"wp-block-columns alignfull is-layout-flex wp-container-core-columns-is-layout-153bc37e wp-block-columns-is-layout-flex\" style=\"border-radius:27px;margin-top:60px;padding-right:0;padding-left:0\">\n<div class=\"wp-block-column is-layout-flow wp-block-column-is-layout-flow\">\n<div class=\"wp-block-group is-style-homedroid-boxshadow modestra-hover-box is-style-saaslauncher-gradient-border has-border-color has-secondary-border-color has-black-color-background-color has-background is-layout-constrained wp-container-core-group-is-layout-fab905c0 wp-block-group-is-layout-constrained\" style=\"border-width:1px;border-radius:6px;margin-top:0;margin-bottom:0;padding-top:40px;padding-right:40px;padding-bottom:40px;padding-left:40px\">\n<div class=\"wp-block-group is-nowrap is-layout-flex wp-container-core-group-is-layout-902a4479 wp-block-group-is-layout-flex\">\n<h1 class=\"wp-block-heading is-style-default has-light-color-color has-text-color has-link-color has-xx-large-font-size wp-elements-029f678ec9a2f16a3b7ea1b591336144\" style=\"font-style:normal;font-weight:700;line-height:1\">R$ 33<\/h1>\n\n\n\n<p class=\"has-light-color-color has-text-color has-link-color wp-elements-cf9501b8a04329351e03884977da4c29\">\/semestral<\/p>\n<\/div>\n\n\n\n<h4 class=\"wp-block-heading has-light-color-color has-text-color has-link-color has-medium-font-size wp-elements-dc72154046f84f77a40cd96de007965a\" style=\"margin-top:var(--wp--preset--spacing--30);margin-bottom:var(--wp--preset--spacing--30);font-style:normal;font-weight:500\">Renove a cada 6 meses<\/h4>\n\n\n\n<div class=\"wp-block-buttons is-style-button-zoom-on-hover is-layout-flex wp-block-buttons-is-layout-flex\" style=\"margin-top:28px;margin-bottom:20px\">\n<div class=\"wp-block-button has-custom-width wp-block-button__width-100 is-style-button-hover-secondary-bgcolor\"><a class=\"wp-block-button__link has-light-color-color has-gradient-twelve-gradient-background has-text-color has-background has-link-color has-medium-font-size has-custom-font-size wp-element-button\" href=\"https:\/\/t.me\/BotMonitoramentobot\" style=\"border-radius:6px;padding-top:var(--wp--preset--spacing--40);padding-right:var(--wp--preset--spacing--30);padding-bottom:var(--wp--preset--spacing--40);padding-left:var(--wp--preset--spacing--30);font-style:normal;font-weight:500\" target=\"_blank\" rel=\"noreferrer noopener\">ASSINAR<\/a><\/div>\n<\/div>\n\n\n\n<p>Assine e pague por pix.<br>Renova\u00e7\u00e3o a cada 6 meses<\/p>\n<\/div>\n<\/div>\n\n\n\n<div class=\"wp-block-column is-layout-flow wp-block-column-is-layout-flow\">\n<div class=\"wp-block-group is-style-homedroid-boxshadow modestra-hover-box is-style-saaslauncher-gradient-border has-border-color has-secondary-border-color has-black-color-background-color has-background is-layout-constrained wp-container-core-group-is-layout-fab905c0 wp-block-group-is-layout-constrained\" style=\"border-width:1px;border-radius:6px;margin-top:0;margin-bottom:0;padding-top:40px;padding-right:40px;padding-bottom:40px;padding-left:40px\">\n<div class=\"wp-block-group is-nowrap is-layout-flex wp-container-core-group-is-layout-902a4479 wp-block-group-is-layout-flex\">\n<h1 class=\"wp-block-heading is-style-default has-light-color-color has-text-color has-link-color has-xx-large-font-size wp-elements-e5fcc0effe5e04c1c44e4186125d6f23\" style=\"font-style:normal;font-weight:700;line-height:1\">R$ 55<\/h1>\n\n\n\n<p class=\"has-light-color-color has-text-color has-link-color wp-elements-9b512f0b24cc3cf7e77a046de7841c22\">\/anual<\/p>\n<\/div>\n\n\n\n<h4 class=\"wp-block-heading has-light-color-color has-text-color has-link-color has-medium-font-size wp-elements-3d8f50e9b5f1417faf67e50f50aff6bf\" style=\"margin-top:var(--wp--preset--spacing--30);margin-bottom:var(--wp--preset--spacing--30);font-style:normal;font-weight:500\">Renove a cada 12 meses<\/h4>\n\n\n\n<div class=\"wp-block-buttons is-style-button-zoom-on-hover is-layout-flex wp-block-buttons-is-layout-flex\" style=\"margin-top:28px;margin-bottom:20px\">\n<div class=\"wp-block-button has-custom-width wp-block-button__width-100 is-style-button-hover-secondary-bgcolor\"><a class=\"wp-block-button__link has-light-color-color has-gradient-twelve-gradient-background has-text-color has-background has-link-color has-medium-font-size has-custom-font-size wp-element-button\" href=\"https:\/\/t.me\/BotMonitoramentobot\" style=\"border-radius:6px;padding-top:var(--wp--preset--spacing--40);padding-right:var(--wp--preset--spacing--30);padding-bottom:var(--wp--preset--spacing--40);padding-left:var(--wp--preset--spacing--30);font-style:normal;font-weight:500\" target=\"_blank\" rel=\"noreferrer noopener\">ASSINAR<\/a><\/div>\n<\/div>\n\n\n\n<p>Assine e pague por pix.<br>Renova\u00e7\u00e3o a cada 12 meses<\/p>\n<\/div>\n<\/div>\n<\/div>\n<\/div>\n\n\n\n<p><\/p>\n","protected":false},"excerpt":{"rendered":"<p>Para voc\u00ea ter acesso, basta escolher o melhor plano para voc\u00ea, no bot\u00e3o ASSINAR. Voc\u00ea ser\u00e1 redirecionado para a nossa conta oficial no Telegram. PLANOS DISPON\u00cdVEIS R$ 3 \/cada Por s\u00e9rie ou filme Paque por pix.\u00c9 enviado em seu particular no telegram. R$ 12 \/m\u00eas Mensal Assine e pague por pix.Renova\u00e7\u00e3o a cada 30 dias&#8230;.<\/p>\n","protected":false},"author":1,"featured_media":0,"parent":0,"menu_order":0,"comment_status":"closed","ping_status":"closed","template":"","meta":{"_eb_attr":"","_uag_custom_page_level_css":"","footnotes":""},"class_list":["post-590","page","type-page","status-publish","hentry"],"yoast_head":"<!-- This site is optimized with the Yoast SEO plugin v25.9 - https:\/\/yoast.com\/wordpress\/plugins\/seo\/ -->\n<title>ASSINATURA - Dramas - Mini Novelas - Shorts<\/title>\n<meta name=\"description\" content=\"ASSINATURA\" \/>\n<meta name=\"robots\" content=\"index, follow, max-snippet:-1, max-image-preview:large, max-video-preview:-1\" \/>\n<link rel=\"canonical\" href=\"https:\/\/l2playoficial.com.br\/wfe\/assinatura\/\" \/>\n<meta property=\"og:locale\" content=\"pt_BR\" \/>\n<meta property=\"og:type\" content=\"article\" \/>\n<meta property=\"og:title\" content=\"ASSINATURA - Dramas - Mini Novelas - Shorts\" \/>\n<meta property=\"og:description\" content=\"ASSINATURA\" \/>\n<meta property=\"og:url\" content=\"https:\/\/l2playoficial.com.br\/wfe\/assinatura\/\" \/>\n<meta property=\"og:site_name\" content=\"Dramas - Mini Novelas - Shorts\" \/>\n<meta property=\"article:publisher\" content=\"https:\/\/www.facebook.com\/profile.php?id=61562040471914\" \/>\n<meta property=\"article:modified_time\" content=\"2026-04-07T12:30:05+00:00\" \/>\n<meta property=\"og:image\" content=\"https:\/\/l2playoficial.com.br\/wfe\/wp-content\/uploads\/2025\/07\/LOGO-L2PLAY.png\" \/>\n\t<meta property=\"og:image:width\" content=\"500\" \/>\n\t<meta property=\"og:image:height\" content=\"500\" \/>\n\t<meta property=\"og:image:type\" content=\"image\/png\" \/>\n<meta name=\"twitter:label1\" content=\"Est. tempo de leitura\" \/>\n\t<meta name=\"twitter:data1\" content=\"1 minuto\" \/>\n<script type=\"application\/ld+json\" class=\"yoast-schema-graph\">{\"@context\":\"https:\/\/schema.org\",\"@graph\":[{\"@type\":\"WebPage\",\"@id\":\"https:\/\/l2playoficial.com.br\/wfe\/assinatura\/\",\"url\":\"https:\/\/l2playoficial.com.br\/wfe\/assinatura\/\",\"name\":\"ASSINATURA - Dramas - Mini Novelas - Shorts\",\"isPartOf\":{\"@id\":\"https:\/\/l2playoficial.com.br\/wfe\/#website\"},\"datePublished\":\"2025-07-30T18:36:41+00:00\",\"dateModified\":\"2026-04-07T12:30:05+00:00\",\"description\":\"ASSINATURA\",\"breadcrumb\":{\"@id\":\"https:\/\/l2playoficial.com.br\/wfe\/assinatura\/#breadcrumb\"},\"inLanguage\":\"pt-BR\",\"potentialAction\":[{\"@type\":\"ReadAction\",\"target\":[\"https:\/\/l2playoficial.com.br\/wfe\/assinatura\/\"]}]},{\"@type\":\"BreadcrumbList\",\"@id\":\"https:\/\/l2playoficial.com.br\/wfe\/assinatura\/#breadcrumb\",\"itemListElement\":[{\"@type\":\"ListItem\",\"position\":1,\"name\":\"In\u00edcio\",\"item\":\"https:\/\/l2playoficial.com.br\/wfe\/\"},{\"@type\":\"ListItem\",\"position\":2,\"name\":\"ASSINATURA\"}]},{\"@type\":\"WebSite\",\"@id\":\"https:\/\/l2playoficial.com.br\/wfe\/#website\",\"url\":\"https:\/\/l2playoficial.com.br\/wfe\/\",\"name\":\"Doramas - S\u00e9ries e Filmes\",\"description\":\"O melhor site com dicas de filmes, s\u00e9ries, doramas e muito mais.\",\"publisher\":{\"@id\":\"https:\/\/l2playoficial.com.br\/wfe\/#organization\"},\"alternateName\":\"L2 PLAY\",\"potentialAction\":[{\"@type\":\"SearchAction\",\"target\":{\"@type\":\"EntryPoint\",\"urlTemplate\":\"https:\/\/l2playoficial.com.br\/wfe\/?s={search_term_string}\"},\"query-input\":{\"@type\":\"PropertyValueSpecification\",\"valueRequired\":true,\"valueName\":\"search_term_string\"}}],\"inLanguage\":\"pt-BR\"},{\"@type\":\"Organization\",\"@id\":\"https:\/\/l2playoficial.com.br\/wfe\/#organization\",\"name\":\"L2 PLAY\",\"url\":\"https:\/\/l2playoficial.com.br\/wfe\/\",\"logo\":{\"@type\":\"ImageObject\",\"inLanguage\":\"pt-BR\",\"@id\":\"https:\/\/l2playoficial.com.br\/wfe\/#\/schema\/logo\/image\/\",\"url\":\"https:\/\/l2playoficial.com.br\/wfe\/wp-content\/uploads\/2025\/07\/LOGO-L2PLAY.png\",\"contentUrl\":\"https:\/\/l2playoficial.com.br\/wfe\/wp-content\/uploads\/2025\/07\/LOGO-L2PLAY.png\",\"width\":500,\"height\":500,\"caption\":\"L2 PLAY\"},\"image\":{\"@id\":\"https:\/\/l2playoficial.com.br\/wfe\/#\/schema\/logo\/image\/\"},\"sameAs\":[\"https:\/\/www.facebook.com\/profile.php?id=61562040471914\",\"https:\/\/www.instagram.com\/l2.play\/\",\"https:\/\/t.me\/l2playcatalogo\"]}]}<\/script>\n<!-- \/ Yoast SEO plugin. -->","yoast_head_json":{"title":"ASSINATURA - Dramas - Mini Novelas - Shorts","description":"ASSINATURA","robots":{"index":"index","follow":"follow","max-snippet":"max-snippet:-1","max-image-preview":"max-image-preview:large","max-video-preview":"max-video-preview:-1"},"canonical":"https:\/\/l2playoficial.com.br\/wfe\/assinatura\/","og_locale":"pt_BR","og_type":"article","og_title":"ASSINATURA - Dramas - Mini Novelas - Shorts","og_description":"ASSINATURA","og_url":"https:\/\/l2playoficial.com.br\/wfe\/assinatura\/","og_site_name":"Dramas - Mini Novelas - Shorts","article_publisher":"https:\/\/www.facebook.com\/profile.php?id=61562040471914","article_modified_time":"2026-04-07T12:30:05+00:00","og_image":[{"width":500,"height":500,"url":"https:\/\/l2playoficial.com.br\/wfe\/wp-content\/uploads\/2025\/07\/LOGO-L2PLAY.png","type":"image\/png"}],"twitter_misc":{"Est. tempo de leitura":"1 minuto"},"schema":{"@context":"https:\/\/schema.org","@graph":[{"@type":"WebPage","@id":"https:\/\/l2playoficial.com.br\/wfe\/assinatura\/","url":"https:\/\/l2playoficial.com.br\/wfe\/assinatura\/","name":"ASSINATURA - Dramas - Mini Novelas - Shorts","isPartOf":{"@id":"https:\/\/l2playoficial.com.br\/wfe\/#website"},"datePublished":"2025-07-30T18:36:41+00:00","dateModified":"2026-04-07T12:30:05+00:00","description":"ASSINATURA","breadcrumb":{"@id":"https:\/\/l2playoficial.com.br\/wfe\/assinatura\/#breadcrumb"},"inLanguage":"pt-BR","potentialAction":[{"@type":"ReadAction","target":["https:\/\/l2playoficial.com.br\/wfe\/assinatura\/"]}]},{"@type":"BreadcrumbList","@id":"https:\/\/l2playoficial.com.br\/wfe\/assinatura\/#breadcrumb","itemListElement":[{"@type":"ListItem","position":1,"name":"In\u00edcio","item":"https:\/\/l2playoficial.com.br\/wfe\/"},{"@type":"ListItem","position":2,"name":"ASSINATURA"}]},{"@type":"WebSite","@id":"https:\/\/l2playoficial.com.br\/wfe\/#website","url":"https:\/\/l2playoficial.com.br\/wfe\/","name":"Doramas - S\u00e9ries e Filmes","description":"O melhor site com dicas de filmes, s\u00e9ries, doramas e muito mais.","publisher":{"@id":"https:\/\/l2playoficial.com.br\/wfe\/#organization"},"alternateName":"L2 PLAY","potentialAction":[{"@type":"SearchAction","target":{"@type":"EntryPoint","urlTemplate":"https:\/\/l2playoficial.com.br\/wfe\/?s={search_term_string}"},"query-input":{"@type":"PropertyValueSpecification","valueRequired":true,"valueName":"search_term_string"}}],"inLanguage":"pt-BR"},{"@type":"Organization","@id":"https:\/\/l2playoficial.com.br\/wfe\/#organization","name":"L2 PLAY","url":"https:\/\/l2playoficial.com.br\/wfe\/","logo":{"@type":"ImageObject","inLanguage":"pt-BR","@id":"https:\/\/l2playoficial.com.br\/wfe\/#\/schema\/logo\/image\/","url":"https:\/\/l2playoficial.com.br\/wfe\/wp-content\/uploads\/2025\/07\/LOGO-L2PLAY.png","contentUrl":"https:\/\/l2playoficial.com.br\/wfe\/wp-content\/uploads\/2025\/07\/LOGO-L2PLAY.png","width":500,"height":500,"caption":"L2 PLAY"},"image":{"@id":"https:\/\/l2playoficial.com.br\/wfe\/#\/schema\/logo\/image\/"},"sameAs":["https:\/\/www.facebook.com\/profile.php?id=61562040471914","https:\/\/www.instagram.com\/l2.play\/","https:\/\/t.me\/l2playcatalogo"]}]}},"uagb_featured_image_src":{"full":false,"thumbnail":false,"medium":false,"medium_large":false,"large":false,"1536x1536":false,"2048x2048":false,"woocommerce_thumbnail":false,"woocommerce_single":false,"woocommerce_gallery_thumbnail":false},"uagb_author_info":{"display_name":"adminl2","author_link":"https:\/\/l2playoficial.com.br\/wfe\/author\/adminl2\/"},"uagb_comment_info":0,"uagb_excerpt":"Para voc\u00ea ter acesso, basta escolher o melhor plano para voc\u00ea, no bot\u00e3o ASSINAR. Voc\u00ea ser\u00e1 redirecionado para a nossa conta oficial no Telegram. PLANOS DISPON\u00cdVEIS R$ 3 \/cada Por s\u00e9rie ou filme Paque por pix.\u00c9 enviado em seu particular no telegram. R$ 12 \/m\u00eas Mensal Assine e pague por pix.Renova\u00e7\u00e3o a cada 30 dias....","_links":{"self":[{"href":"https:\/\/l2playoficial.com.br\/wfe\/wp-json\/wp\/v2\/pages\/590","targetHints":{"allow":["GET"]}}],"collection":[{"href":"https:\/\/l2playoficial.com.br\/wfe\/wp-json\/wp\/v2\/pages"}],"about":[{"href":"https:\/\/l2playoficial.com.br\/wfe\/wp-json\/wp\/v2\/types\/page"}],"author":[{"embeddable":true,"href":"https:\/\/l2playoficial.com.br\/wfe\/wp-json\/wp\/v2\/users\/1"}],"replies":[{"embeddable":true,"href":"https:\/\/l2playoficial.com.br\/wfe\/wp-json\/wp\/v2\/comments?post=590"}],"version-history":[{"count":43,"href":"https:\/\/l2playoficial.com.br\/wfe\/wp-json\/wp\/v2\/pages\/590\/revisions"}],"predecessor-version":[{"id":23757,"href":"https:\/\/l2playoficial.com.br\/wfe\/wp-json\/wp\/v2\/pages\/590\/revisions\/23757"}],"wp:attachment":[{"href":"https:\/\/l2playoficial.com.br\/wfe\/wp-json\/wp\/v2\/media?parent=590"}],"curies":[{"name":"wp","href":"https:\/\/api.w.org\/{rel}","templated":true}]}}