{"id":1020,"date":"2025-08-21T12:42:25","date_gmt":"2025-08-21T12:42:25","guid":{"rendered":"https:\/\/l2playoficial.com.br\/wfe\/?post_type=product&#038;p=1020"},"modified":"2025-08-22T21:48:11","modified_gmt":"2025-08-22T21:48:11","slug":"escandalo-e-seducao","status":"publish","type":"product","link":"https:\/\/l2playoficial.com.br\/wfe\/produto\/escandalo-e-seducao\/","title":{"rendered":"Esc\u00e2ndalo  e Sedu\u00e7\u00e3o"},"content":{"rendered":"","protected":false},"excerpt":{"rendered":"","protected":false},"featured_media":1045,"comment_status":"open","ping_status":"closed","template":"","meta":{"_eb_attr":"","_uag_custom_page_level_css":""},"product_brand":[],"product_cat":[502,498,508,517],"product_tag":[500,644,563,560,571,515],"class_list":{"0":"post-1020","1":"product","2":"type-product","3":"status-publish","4":"has-post-thumbnail","6":"product_cat-dorama","7":"product_cat-drama","8":"product_cat-quentes","9":"product_cat-romance","10":"product_tag-drama","11":"product_tag-escandaloeseducao","12":"product_tag-l2play","13":"product_tag-miniserie-drama-romance","14":"product_tag-quente","15":"product_tag-romance","17":"first","18":"instock","19":"virtual","20":"product-type-simple"},"yoast_head":"<!-- This site is optimized with the Yoast SEO plugin v25.9 - https:\/\/yoast.com\/wordpress\/plugins\/seo\/ -->\n<title>Esc\u00e2ndalo e Sedu\u00e7\u00e3o - Dramas - Mini Novelas - Shorts<\/title>\n<meta name=\"description\" content=\"Esc\u00e2ndalo e Sedu\u00e7\u00e3o\" \/>\n<meta name=\"robots\" content=\"index, follow, max-snippet:-1, max-image-preview:large, max-video-preview:-1\" \/>\n<link rel=\"canonical\" href=\"https:\/\/l2playoficial.com.br\/wfe\/produto\/escandalo-e-seducao\/\" \/>\n<meta property=\"og:locale\" content=\"pt_BR\" \/>\n<meta property=\"og:type\" content=\"article\" \/>\n<meta property=\"og:title\" content=\"Esc\u00e2ndalo e Sedu\u00e7\u00e3o - Dramas - Mini Novelas - Shorts\" \/>\n<meta property=\"og:description\" content=\"Esc\u00e2ndalo e Sedu\u00e7\u00e3o\" \/>\n<meta property=\"og:url\" content=\"https:\/\/l2playoficial.com.br\/wfe\/produto\/escandalo-e-seducao\/\" \/>\n<meta property=\"og:site_name\" content=\"Dramas - Mini Novelas - Shorts\" \/>\n<meta property=\"article:publisher\" content=\"https:\/\/www.facebook.com\/profile.php?id=61562040471914\" \/>\n<meta property=\"article:modified_time\" content=\"2025-08-22T21:48:11+00:00\" \/>\n<meta property=\"og:image\" content=\"https:\/\/l2playoficial.com.br\/wfe\/wp-content\/uploads\/2025\/08\/photo_2025-08-22_16-46-06-1.jpg\" \/>\n\t<meta property=\"og:image:width\" content=\"819\" \/>\n\t<meta property=\"og:image:height\" content=\"1166\" \/>\n\t<meta property=\"og:image:type\" content=\"image\/jpeg\" \/>\n<script type=\"application\/ld+json\" class=\"yoast-schema-graph\">{\"@context\":\"https:\/\/schema.org\",\"@graph\":[{\"@type\":\"WebPage\",\"@id\":\"https:\/\/l2playoficial.com.br\/wfe\/produto\/escandalo-e-seducao\/\",\"url\":\"https:\/\/l2playoficial.com.br\/wfe\/produto\/escandalo-e-seducao\/\",\"name\":\"Esc\u00e2ndalo e Sedu\u00e7\u00e3o - Dramas - Mini Novelas - Shorts\",\"isPartOf\":{\"@id\":\"https:\/\/l2playoficial.com.br\/wfe\/#website\"},\"primaryImageOfPage\":{\"@id\":\"https:\/\/l2playoficial.com.br\/wfe\/produto\/escandalo-e-seducao\/#primaryimage\"},\"image\":{\"@id\":\"https:\/\/l2playoficial.com.br\/wfe\/produto\/escandalo-e-seducao\/#primaryimage\"},\"thumbnailUrl\":\"https:\/\/l2playoficial.com.br\/wfe\/wp-content\/uploads\/2025\/08\/photo_2025-08-22_16-46-06-1.jpg\",\"datePublished\":\"2025-08-21T12:42:25+00:00\",\"dateModified\":\"2025-08-22T21:48:11+00:00\",\"description\":\"Esc\u00e2ndalo e Sedu\u00e7\u00e3o\",\"breadcrumb\":{\"@id\":\"https:\/\/l2playoficial.com.br\/wfe\/produto\/escandalo-e-seducao\/#breadcrumb\"},\"inLanguage\":\"pt-BR\",\"potentialAction\":[{\"@type\":\"ReadAction\",\"target\":[\"https:\/\/l2playoficial.com.br\/wfe\/produto\/escandalo-e-seducao\/\"]}]},{\"@type\":\"ImageObject\",\"inLanguage\":\"pt-BR\",\"@id\":\"https:\/\/l2playoficial.com.br\/wfe\/produto\/escandalo-e-seducao\/#primaryimage\",\"url\":\"https:\/\/l2playoficial.com.br\/wfe\/wp-content\/uploads\/2025\/08\/photo_2025-08-22_16-46-06-1.jpg\",\"contentUrl\":\"https:\/\/l2playoficial.com.br\/wfe\/wp-content\/uploads\/2025\/08\/photo_2025-08-22_16-46-06-1.jpg\",\"width\":819,\"height\":1166},{\"@type\":\"BreadcrumbList\",\"@id\":\"https:\/\/l2playoficial.com.br\/wfe\/produto\/escandalo-e-seducao\/#breadcrumb\",\"itemListElement\":[{\"@type\":\"ListItem\",\"position\":1,\"name\":\"In\u00edcio\",\"item\":\"https:\/\/l2playoficial.com.br\/wfe\/\"},{\"@type\":\"ListItem\",\"position\":2,\"name\":\"Loja\",\"item\":\"https:\/\/l2playoficial.com.br\/wfe\/loja\/\"},{\"@type\":\"ListItem\",\"position\":3,\"name\":\"Esc\u00e2ndalo e Sedu\u00e7\u00e3o\"}]},{\"@type\":\"WebSite\",\"@id\":\"https:\/\/l2playoficial.com.br\/wfe\/#website\",\"url\":\"https:\/\/l2playoficial.com.br\/wfe\/\",\"name\":\"Doramas - S\u00e9ries e Filmes\",\"description\":\"O melhor site com dicas de filmes, s\u00e9ries, doramas e muito mais.\",\"publisher\":{\"@id\":\"https:\/\/l2playoficial.com.br\/wfe\/#organization\"},\"alternateName\":\"L2 PLAY\",\"potentialAction\":[{\"@type\":\"SearchAction\",\"target\":{\"@type\":\"EntryPoint\",\"urlTemplate\":\"https:\/\/l2playoficial.com.br\/wfe\/?s={search_term_string}\"},\"query-input\":{\"@type\":\"PropertyValueSpecification\",\"valueRequired\":true,\"valueName\":\"search_term_string\"}}],\"inLanguage\":\"pt-BR\"},{\"@type\":\"Organization\",\"@id\":\"https:\/\/l2playoficial.com.br\/wfe\/#organization\",\"name\":\"L2 PLAY\",\"url\":\"https:\/\/l2playoficial.com.br\/wfe\/\",\"logo\":{\"@type\":\"ImageObject\",\"inLanguage\":\"pt-BR\",\"@id\":\"https:\/\/l2playoficial.com.br\/wfe\/#\/schema\/logo\/image\/\",\"url\":\"https:\/\/l2playoficial.com.br\/wfe\/wp-content\/uploads\/2025\/07\/LOGO-L2PLAY.png\",\"contentUrl\":\"https:\/\/l2playoficial.com.br\/wfe\/wp-content\/uploads\/2025\/07\/LOGO-L2PLAY.png\",\"width\":500,\"height\":500,\"caption\":\"L2 PLAY\"},\"image\":{\"@id\":\"https:\/\/l2playoficial.com.br\/wfe\/#\/schema\/logo\/image\/\"},\"sameAs\":[\"https:\/\/www.facebook.com\/profile.php?id=61562040471914\",\"https:\/\/www.instagram.com\/l2.play\/\",\"https:\/\/t.me\/l2playcatalogo\"]}]}<\/script>\n<!-- \/ Yoast SEO plugin. -->","yoast_head_json":{"title":"Esc\u00e2ndalo e Sedu\u00e7\u00e3o - Dramas - Mini Novelas - Shorts","description":"Esc\u00e2ndalo e Sedu\u00e7\u00e3o","robots":{"index":"index","follow":"follow","max-snippet":"max-snippet:-1","max-image-preview":"max-image-preview:large","max-video-preview":"max-video-preview:-1"},"canonical":"https:\/\/l2playoficial.com.br\/wfe\/produto\/escandalo-e-seducao\/","og_locale":"pt_BR","og_type":"article","og_title":"Esc\u00e2ndalo e Sedu\u00e7\u00e3o - Dramas - Mini Novelas - Shorts","og_description":"Esc\u00e2ndalo e Sedu\u00e7\u00e3o","og_url":"https:\/\/l2playoficial.com.br\/wfe\/produto\/escandalo-e-seducao\/","og_site_name":"Dramas - Mini Novelas - Shorts","article_publisher":"https:\/\/www.facebook.com\/profile.php?id=61562040471914","article_modified_time":"2025-08-22T21:48:11+00:00","og_image":[{"width":819,"height":1166,"url":"https:\/\/l2playoficial.com.br\/wfe\/wp-content\/uploads\/2025\/08\/photo_2025-08-22_16-46-06-1.jpg","type":"image\/jpeg"}],"schema":{"@context":"https:\/\/schema.org","@graph":[{"@type":"WebPage","@id":"https:\/\/l2playoficial.com.br\/wfe\/produto\/escandalo-e-seducao\/","url":"https:\/\/l2playoficial.com.br\/wfe\/produto\/escandalo-e-seducao\/","name":"Esc\u00e2ndalo e Sedu\u00e7\u00e3o - Dramas - Mini Novelas - Shorts","isPartOf":{"@id":"https:\/\/l2playoficial.com.br\/wfe\/#website"},"primaryImageOfPage":{"@id":"https:\/\/l2playoficial.com.br\/wfe\/produto\/escandalo-e-seducao\/#primaryimage"},"image":{"@id":"https:\/\/l2playoficial.com.br\/wfe\/produto\/escandalo-e-seducao\/#primaryimage"},"thumbnailUrl":"https:\/\/l2playoficial.com.br\/wfe\/wp-content\/uploads\/2025\/08\/photo_2025-08-22_16-46-06-1.jpg","datePublished":"2025-08-21T12:42:25+00:00","dateModified":"2025-08-22T21:48:11+00:00","description":"Esc\u00e2ndalo e Sedu\u00e7\u00e3o","breadcrumb":{"@id":"https:\/\/l2playoficial.com.br\/wfe\/produto\/escandalo-e-seducao\/#breadcrumb"},"inLanguage":"pt-BR","potentialAction":[{"@type":"ReadAction","target":["https:\/\/l2playoficial.com.br\/wfe\/produto\/escandalo-e-seducao\/"]}]},{"@type":"ImageObject","inLanguage":"pt-BR","@id":"https:\/\/l2playoficial.com.br\/wfe\/produto\/escandalo-e-seducao\/#primaryimage","url":"https:\/\/l2playoficial.com.br\/wfe\/wp-content\/uploads\/2025\/08\/photo_2025-08-22_16-46-06-1.jpg","contentUrl":"https:\/\/l2playoficial.com.br\/wfe\/wp-content\/uploads\/2025\/08\/photo_2025-08-22_16-46-06-1.jpg","width":819,"height":1166},{"@type":"BreadcrumbList","@id":"https:\/\/l2playoficial.com.br\/wfe\/produto\/escandalo-e-seducao\/#breadcrumb","itemListElement":[{"@type":"ListItem","position":1,"name":"In\u00edcio","item":"https:\/\/l2playoficial.com.br\/wfe\/"},{"@type":"ListItem","position":2,"name":"Loja","item":"https:\/\/l2playoficial.com.br\/wfe\/loja\/"},{"@type":"ListItem","position":3,"name":"Esc\u00e2ndalo e Sedu\u00e7\u00e3o"}]},{"@type":"WebSite","@id":"https:\/\/l2playoficial.com.br\/wfe\/#website","url":"https:\/\/l2playoficial.com.br\/wfe\/","name":"Doramas - S\u00e9ries e Filmes","description":"O melhor site com dicas de filmes, s\u00e9ries, doramas e muito mais.","publisher":{"@id":"https:\/\/l2playoficial.com.br\/wfe\/#organization"},"alternateName":"L2 PLAY","potentialAction":[{"@type":"SearchAction","target":{"@type":"EntryPoint","urlTemplate":"https:\/\/l2playoficial.com.br\/wfe\/?s={search_term_string}"},"query-input":{"@type":"PropertyValueSpecification","valueRequired":true,"valueName":"search_term_string"}}],"inLanguage":"pt-BR"},{"@type":"Organization","@id":"https:\/\/l2playoficial.com.br\/wfe\/#organization","name":"L2 PLAY","url":"https:\/\/l2playoficial.com.br\/wfe\/","logo":{"@type":"ImageObject","inLanguage":"pt-BR","@id":"https:\/\/l2playoficial.com.br\/wfe\/#\/schema\/logo\/image\/","url":"https:\/\/l2playoficial.com.br\/wfe\/wp-content\/uploads\/2025\/07\/LOGO-L2PLAY.png","contentUrl":"https:\/\/l2playoficial.com.br\/wfe\/wp-content\/uploads\/2025\/07\/LOGO-L2PLAY.png","width":500,"height":500,"caption":"L2 PLAY"},"image":{"@id":"https:\/\/l2playoficial.com.br\/wfe\/#\/schema\/logo\/image\/"},"sameAs":["https:\/\/www.facebook.com\/profile.php?id=61562040471914","https:\/\/www.instagram.com\/l2.play\/","https:\/\/t.me\/l2playcatalogo"]}]}},"uagb_featured_image_src":{"full":["https:\/\/l2playoficial.com.br\/wfe\/wp-content\/uploads\/2025\/08\/photo_2025-08-22_16-46-06-1.jpg",819,1166,false],"thumbnail":["https:\/\/l2playoficial.com.br\/wfe\/wp-content\/uploads\/2025\/08\/photo_2025-08-22_16-46-06-1-150x150.jpg",150,150,true],"medium":["https:\/\/l2playoficial.com.br\/wfe\/wp-content\/uploads\/2025\/08\/photo_2025-08-22_16-46-06-1-211x300.jpg",211,300,true],"medium_large":["https:\/\/l2playoficial.com.br\/wfe\/wp-content\/uploads\/2025\/08\/photo_2025-08-22_16-46-06-1-768x1093.jpg",768,1093,true],"large":["https:\/\/l2playoficial.com.br\/wfe\/wp-content\/uploads\/2025\/08\/photo_2025-08-22_16-46-06-1-719x1024.jpg",719,1024,true],"1536x1536":["https:\/\/l2playoficial.com.br\/wfe\/wp-content\/uploads\/2025\/08\/photo_2025-08-22_16-46-06-1.jpg",819,1166,false],"2048x2048":["https:\/\/l2playoficial.com.br\/wfe\/wp-content\/uploads\/2025\/08\/photo_2025-08-22_16-46-06-1.jpg",819,1166,false],"woocommerce_thumbnail":["https:\/\/l2playoficial.com.br\/wfe\/wp-content\/uploads\/2025\/08\/photo_2025-08-22_16-46-06-1-300x300.jpg",300,300,true],"woocommerce_single":["https:\/\/l2playoficial.com.br\/wfe\/wp-content\/uploads\/2025\/08\/photo_2025-08-22_16-46-06-1-600x854.jpg",600,854,true],"woocommerce_gallery_thumbnail":["https:\/\/l2playoficial.com.br\/wfe\/wp-content\/uploads\/2025\/08\/photo_2025-08-22_16-46-06-1-100x100.jpg",100,100,true]},"uagb_author_info":{"display_name":"anderson sirnes","author_link":"https:\/\/l2playoficial.com.br\/wfe\/author\/"},"uagb_comment_info":0,"uagb_excerpt":null,"_links":{"self":[{"href":"https:\/\/l2playoficial.com.br\/wfe\/wp-json\/wp\/v2\/product\/1020","targetHints":{"allow":["GET"]}}],"collection":[{"href":"https:\/\/l2playoficial.com.br\/wfe\/wp-json\/wp\/v2\/product"}],"about":[{"href":"https:\/\/l2playoficial.com.br\/wfe\/wp-json\/wp\/v2\/types\/product"}],"replies":[{"embeddable":true,"href":"https:\/\/l2playoficial.com.br\/wfe\/wp-json\/wp\/v2\/comments?post=1020"}],"wp:featuredmedia":[{"embeddable":true,"href":"https:\/\/l2playoficial.com.br\/wfe\/wp-json\/wp\/v2\/media\/1045"}],"wp:attachment":[{"href":"https:\/\/l2playoficial.com.br\/wfe\/wp-json\/wp\/v2\/media?parent=1020"}],"wp:term":[{"taxonomy":"product_brand","embeddable":true,"href":"https:\/\/l2playoficial.com.br\/wfe\/wp-json\/wp\/v2\/product_brand?post=1020"},{"taxonomy":"product_cat","embeddable":true,"href":"https:\/\/l2playoficial.com.br\/wfe\/wp-json\/wp\/v2\/product_cat?post=1020"},{"taxonomy":"product_tag","embeddable":true,"href":"https:\/\/l2playoficial.com.br\/wfe\/wp-json\/wp\/v2\/product_tag?post=1020"}],"curies":[{"name":"wp","href":"https:\/\/api.w.org\/{rel}","templated":true}]}}