{"id":175,"date":"2025-07-18T20:46:56","date_gmt":"2025-07-18T20:46:56","guid":{"rendered":"https:\/\/l2playoficial.com.br\/wfe\/?post_type=product&#038;p=175"},"modified":"2025-08-11T13:59:48","modified_gmt":"2025-08-11T13:59:48","slug":"traicao-e-redencao-1a-temporada-completa","status":"publish","type":"product","link":"https:\/\/l2playoficial.com.br\/wfe\/produto\/traicao-e-redencao-1a-temporada-completa\/","title":{"rendered":"Trai\u00e7\u00e3o e Reden\u00e7\u00e3o 1\u00aa Temporada Completa"},"content":{"rendered":"<p><iframe loading=\"lazy\" title=\"YouTube video player\" src=\"https:\/\/www.youtube.com\/embed\/jM8jZy8fG2o?si=-AWzY9rDH2hWOymN\" width=\"560\" height=\"315\" frameborder=\"0\" allowfullscreen=\"allowfullscreen\"><\/iframe><\/p>\n","protected":false},"excerpt":{"rendered":"<div class=\"sinopse\">Dra. Jung Se-ok, uma neurocirurgi\u00e3 brilhante, mas desgra\u00e7ada, assombrada por uma trag\u00e9dia passada. Privada de sua licen\u00e7a m\u00e9dica, ela recorre \u00e0 realiza\u00e7\u00e3o de cirurgias ilegais nas sombras, movida por uma sede insaci\u00e1vel de ultrapassar os limites da neuroci\u00eancia.<br \/>\n<strong>Lan\u00e7amento:<\/strong>2025<br \/>\n<strong>Dura\u00e7\u00e3o:<\/strong>60 min<br \/>\n<strong>G\u00eanero:<\/strong>Crime, Drama, Suspense<br \/>\n<strong>Idioma:<\/strong>Portugu\u00eas | Ingl\u00eas | Coreano<br \/>\n<strong>Legenda:<\/strong>[Multiple Subtitle]<\/div>\n","protected":false},"featured_media":176,"comment_status":"open","ping_status":"closed","template":"","meta":{"_eb_attr":"","_uag_custom_page_level_css":""},"product_brand":[],"product_cat":[502],"product_tag":[503,500,504],"class_list":{"0":"post-175","1":"product","2":"type-product","3":"status-publish","4":"has-post-thumbnail","6":"product_cat-dorama","7":"product_tag-crime","8":"product_tag-drama","9":"product_tag-suspense","11":"first","12":"instock","13":"virtual","14":"product-type-simple"},"yoast_head":"<!-- This site is optimized with the Yoast SEO plugin v25.9 - https:\/\/yoast.com\/wordpress\/plugins\/seo\/ -->\n<title>Trai\u00e7\u00e3o e Reden\u00e7\u00e3o 1\u00aa Temporada Completa - Dramas - Mini Novelas - Shorts<\/title>\n<meta name=\"description\" content=\"Trai\u00e7\u00e3o e Reden\u00e7\u00e3o 1\u00aa Temporada Completa\" \/>\n<meta name=\"robots\" content=\"index, follow, max-snippet:-1, max-image-preview:large, max-video-preview:-1\" \/>\n<link rel=\"canonical\" href=\"https:\/\/l2playoficial.com.br\/wfe\/produto\/traicao-e-redencao-1a-temporada-completa\/\" \/>\n<meta property=\"og:locale\" content=\"pt_BR\" \/>\n<meta property=\"og:type\" content=\"article\" \/>\n<meta property=\"og:title\" content=\"Trai\u00e7\u00e3o e Reden\u00e7\u00e3o 1\u00aa Temporada Completa - Dramas - Mini Novelas - Shorts\" \/>\n<meta property=\"og:description\" content=\"Trai\u00e7\u00e3o e Reden\u00e7\u00e3o 1\u00aa Temporada Completa\" \/>\n<meta property=\"og:url\" content=\"https:\/\/l2playoficial.com.br\/wfe\/produto\/traicao-e-redencao-1a-temporada-completa\/\" \/>\n<meta property=\"og:site_name\" content=\"Dramas - Mini Novelas - Shorts\" \/>\n<meta property=\"article:publisher\" content=\"https:\/\/www.facebook.com\/profile.php?id=61562040471914\" \/>\n<meta property=\"article:modified_time\" content=\"2025-08-11T13:59:48+00:00\" \/>\n<meta property=\"og:image\" content=\"https:\/\/l2playoficial.com.br\/wfe\/wp-content\/uploads\/2025\/07\/download.webp\" \/>\n\t<meta property=\"og:image:width\" content=\"360\" \/>\n\t<meta property=\"og:image:height\" content=\"540\" \/>\n\t<meta property=\"og:image:type\" content=\"image\/webp\" \/>\n<script type=\"application\/ld+json\" class=\"yoast-schema-graph\">{\"@context\":\"https:\/\/schema.org\",\"@graph\":[{\"@type\":\"WebPage\",\"@id\":\"https:\/\/l2playoficial.com.br\/wfe\/produto\/traicao-e-redencao-1a-temporada-completa\/\",\"url\":\"https:\/\/l2playoficial.com.br\/wfe\/produto\/traicao-e-redencao-1a-temporada-completa\/\",\"name\":\"Trai\u00e7\u00e3o e Reden\u00e7\u00e3o 1\u00aa Temporada Completa - Dramas - Mini Novelas - Shorts\",\"isPartOf\":{\"@id\":\"https:\/\/l2playoficial.com.br\/wfe\/#website\"},\"primaryImageOfPage\":{\"@id\":\"https:\/\/l2playoficial.com.br\/wfe\/produto\/traicao-e-redencao-1a-temporada-completa\/#primaryimage\"},\"image\":{\"@id\":\"https:\/\/l2playoficial.com.br\/wfe\/produto\/traicao-e-redencao-1a-temporada-completa\/#primaryimage\"},\"thumbnailUrl\":\"https:\/\/l2playoficial.com.br\/wfe\/wp-content\/uploads\/2025\/07\/download.webp\",\"datePublished\":\"2025-07-18T20:46:56+00:00\",\"dateModified\":\"2025-08-11T13:59:48+00:00\",\"description\":\"Trai\u00e7\u00e3o e Reden\u00e7\u00e3o 1\u00aa Temporada Completa\",\"breadcrumb\":{\"@id\":\"https:\/\/l2playoficial.com.br\/wfe\/produto\/traicao-e-redencao-1a-temporada-completa\/#breadcrumb\"},\"inLanguage\":\"pt-BR\",\"potentialAction\":[{\"@type\":\"ReadAction\",\"target\":[\"https:\/\/l2playoficial.com.br\/wfe\/produto\/traicao-e-redencao-1a-temporada-completa\/\"]}]},{\"@type\":\"ImageObject\",\"inLanguage\":\"pt-BR\",\"@id\":\"https:\/\/l2playoficial.com.br\/wfe\/produto\/traicao-e-redencao-1a-temporada-completa\/#primaryimage\",\"url\":\"https:\/\/l2playoficial.com.br\/wfe\/wp-content\/uploads\/2025\/07\/download.webp\",\"contentUrl\":\"https:\/\/l2playoficial.com.br\/wfe\/wp-content\/uploads\/2025\/07\/download.webp\",\"width\":360,\"height\":540},{\"@type\":\"BreadcrumbList\",\"@id\":\"https:\/\/l2playoficial.com.br\/wfe\/produto\/traicao-e-redencao-1a-temporada-completa\/#breadcrumb\",\"itemListElement\":[{\"@type\":\"ListItem\",\"position\":1,\"name\":\"In\u00edcio\",\"item\":\"https:\/\/l2playoficial.com.br\/wfe\/\"},{\"@type\":\"ListItem\",\"position\":2,\"name\":\"Loja\",\"item\":\"https:\/\/l2playoficial.com.br\/wfe\/loja\/\"},{\"@type\":\"ListItem\",\"position\":3,\"name\":\"Trai\u00e7\u00e3o e Reden\u00e7\u00e3o 1\u00aa Temporada Completa\"}]},{\"@type\":\"WebSite\",\"@id\":\"https:\/\/l2playoficial.com.br\/wfe\/#website\",\"url\":\"https:\/\/l2playoficial.com.br\/wfe\/\",\"name\":\"Doramas - S\u00e9ries e Filmes\",\"description\":\"O melhor site com dicas de filmes, s\u00e9ries, doramas e muito mais.\",\"publisher\":{\"@id\":\"https:\/\/l2playoficial.com.br\/wfe\/#organization\"},\"alternateName\":\"L2 PLAY\",\"potentialAction\":[{\"@type\":\"SearchAction\",\"target\":{\"@type\":\"EntryPoint\",\"urlTemplate\":\"https:\/\/l2playoficial.com.br\/wfe\/?s={search_term_string}\"},\"query-input\":{\"@type\":\"PropertyValueSpecification\",\"valueRequired\":true,\"valueName\":\"search_term_string\"}}],\"inLanguage\":\"pt-BR\"},{\"@type\":\"Organization\",\"@id\":\"https:\/\/l2playoficial.com.br\/wfe\/#organization\",\"name\":\"L2 PLAY\",\"url\":\"https:\/\/l2playoficial.com.br\/wfe\/\",\"logo\":{\"@type\":\"ImageObject\",\"inLanguage\":\"pt-BR\",\"@id\":\"https:\/\/l2playoficial.com.br\/wfe\/#\/schema\/logo\/image\/\",\"url\":\"https:\/\/l2playoficial.com.br\/wfe\/wp-content\/uploads\/2025\/07\/LOGO-L2PLAY.png\",\"contentUrl\":\"https:\/\/l2playoficial.com.br\/wfe\/wp-content\/uploads\/2025\/07\/LOGO-L2PLAY.png\",\"width\":500,\"height\":500,\"caption\":\"L2 PLAY\"},\"image\":{\"@id\":\"https:\/\/l2playoficial.com.br\/wfe\/#\/schema\/logo\/image\/\"},\"sameAs\":[\"https:\/\/www.facebook.com\/profile.php?id=61562040471914\",\"https:\/\/www.instagram.com\/l2.play\/\",\"https:\/\/t.me\/l2playcatalogo\"]}]}<\/script>\n<!-- \/ Yoast SEO plugin. -->","yoast_head_json":{"title":"Trai\u00e7\u00e3o e Reden\u00e7\u00e3o 1\u00aa Temporada Completa - Dramas - Mini Novelas - Shorts","description":"Trai\u00e7\u00e3o e Reden\u00e7\u00e3o 1\u00aa Temporada Completa","robots":{"index":"index","follow":"follow","max-snippet":"max-snippet:-1","max-image-preview":"max-image-preview:large","max-video-preview":"max-video-preview:-1"},"canonical":"https:\/\/l2playoficial.com.br\/wfe\/produto\/traicao-e-redencao-1a-temporada-completa\/","og_locale":"pt_BR","og_type":"article","og_title":"Trai\u00e7\u00e3o e Reden\u00e7\u00e3o 1\u00aa Temporada Completa - Dramas - Mini Novelas - Shorts","og_description":"Trai\u00e7\u00e3o e Reden\u00e7\u00e3o 1\u00aa Temporada Completa","og_url":"https:\/\/l2playoficial.com.br\/wfe\/produto\/traicao-e-redencao-1a-temporada-completa\/","og_site_name":"Dramas - Mini Novelas - Shorts","article_publisher":"https:\/\/www.facebook.com\/profile.php?id=61562040471914","article_modified_time":"2025-08-11T13:59:48+00:00","og_image":[{"width":360,"height":540,"url":"https:\/\/l2playoficial.com.br\/wfe\/wp-content\/uploads\/2025\/07\/download.webp","type":"image\/webp"}],"schema":{"@context":"https:\/\/schema.org","@graph":[{"@type":"WebPage","@id":"https:\/\/l2playoficial.com.br\/wfe\/produto\/traicao-e-redencao-1a-temporada-completa\/","url":"https:\/\/l2playoficial.com.br\/wfe\/produto\/traicao-e-redencao-1a-temporada-completa\/","name":"Trai\u00e7\u00e3o e Reden\u00e7\u00e3o 1\u00aa Temporada Completa - Dramas - Mini Novelas - Shorts","isPartOf":{"@id":"https:\/\/l2playoficial.com.br\/wfe\/#website"},"primaryImageOfPage":{"@id":"https:\/\/l2playoficial.com.br\/wfe\/produto\/traicao-e-redencao-1a-temporada-completa\/#primaryimage"},"image":{"@id":"https:\/\/l2playoficial.com.br\/wfe\/produto\/traicao-e-redencao-1a-temporada-completa\/#primaryimage"},"thumbnailUrl":"https:\/\/l2playoficial.com.br\/wfe\/wp-content\/uploads\/2025\/07\/download.webp","datePublished":"2025-07-18T20:46:56+00:00","dateModified":"2025-08-11T13:59:48+00:00","description":"Trai\u00e7\u00e3o e Reden\u00e7\u00e3o 1\u00aa Temporada Completa","breadcrumb":{"@id":"https:\/\/l2playoficial.com.br\/wfe\/produto\/traicao-e-redencao-1a-temporada-completa\/#breadcrumb"},"inLanguage":"pt-BR","potentialAction":[{"@type":"ReadAction","target":["https:\/\/l2playoficial.com.br\/wfe\/produto\/traicao-e-redencao-1a-temporada-completa\/"]}]},{"@type":"ImageObject","inLanguage":"pt-BR","@id":"https:\/\/l2playoficial.com.br\/wfe\/produto\/traicao-e-redencao-1a-temporada-completa\/#primaryimage","url":"https:\/\/l2playoficial.com.br\/wfe\/wp-content\/uploads\/2025\/07\/download.webp","contentUrl":"https:\/\/l2playoficial.com.br\/wfe\/wp-content\/uploads\/2025\/07\/download.webp","width":360,"height":540},{"@type":"BreadcrumbList","@id":"https:\/\/l2playoficial.com.br\/wfe\/produto\/traicao-e-redencao-1a-temporada-completa\/#breadcrumb","itemListElement":[{"@type":"ListItem","position":1,"name":"In\u00edcio","item":"https:\/\/l2playoficial.com.br\/wfe\/"},{"@type":"ListItem","position":2,"name":"Loja","item":"https:\/\/l2playoficial.com.br\/wfe\/loja\/"},{"@type":"ListItem","position":3,"name":"Trai\u00e7\u00e3o e Reden\u00e7\u00e3o 1\u00aa Temporada Completa"}]},{"@type":"WebSite","@id":"https:\/\/l2playoficial.com.br\/wfe\/#website","url":"https:\/\/l2playoficial.com.br\/wfe\/","name":"Doramas - S\u00e9ries e Filmes","description":"O melhor site com dicas de filmes, s\u00e9ries, doramas e muito mais.","publisher":{"@id":"https:\/\/l2playoficial.com.br\/wfe\/#organization"},"alternateName":"L2 PLAY","potentialAction":[{"@type":"SearchAction","target":{"@type":"EntryPoint","urlTemplate":"https:\/\/l2playoficial.com.br\/wfe\/?s={search_term_string}"},"query-input":{"@type":"PropertyValueSpecification","valueRequired":true,"valueName":"search_term_string"}}],"inLanguage":"pt-BR"},{"@type":"Organization","@id":"https:\/\/l2playoficial.com.br\/wfe\/#organization","name":"L2 PLAY","url":"https:\/\/l2playoficial.com.br\/wfe\/","logo":{"@type":"ImageObject","inLanguage":"pt-BR","@id":"https:\/\/l2playoficial.com.br\/wfe\/#\/schema\/logo\/image\/","url":"https:\/\/l2playoficial.com.br\/wfe\/wp-content\/uploads\/2025\/07\/LOGO-L2PLAY.png","contentUrl":"https:\/\/l2playoficial.com.br\/wfe\/wp-content\/uploads\/2025\/07\/LOGO-L2PLAY.png","width":500,"height":500,"caption":"L2 PLAY"},"image":{"@id":"https:\/\/l2playoficial.com.br\/wfe\/#\/schema\/logo\/image\/"},"sameAs":["https:\/\/www.facebook.com\/profile.php?id=61562040471914","https:\/\/www.instagram.com\/l2.play\/","https:\/\/t.me\/l2playcatalogo"]}]}},"uagb_featured_image_src":{"full":["https:\/\/l2playoficial.com.br\/wfe\/wp-content\/uploads\/2025\/07\/download.webp",360,540,false],"thumbnail":["https:\/\/l2playoficial.com.br\/wfe\/wp-content\/uploads\/2025\/07\/download-150x150.webp",150,150,true],"medium":["https:\/\/l2playoficial.com.br\/wfe\/wp-content\/uploads\/2025\/07\/download-200x300.webp",200,300,true],"medium_large":["https:\/\/l2playoficial.com.br\/wfe\/wp-content\/uploads\/2025\/07\/download.webp",360,540,false],"large":["https:\/\/l2playoficial.com.br\/wfe\/wp-content\/uploads\/2025\/07\/download.webp",360,540,false],"1536x1536":["https:\/\/l2playoficial.com.br\/wfe\/wp-content\/uploads\/2025\/07\/download.webp",360,540,false],"2048x2048":["https:\/\/l2playoficial.com.br\/wfe\/wp-content\/uploads\/2025\/07\/download.webp",360,540,false],"woocommerce_thumbnail":["https:\/\/l2playoficial.com.br\/wfe\/wp-content\/uploads\/2025\/07\/download-300x300.webp",300,300,true],"woocommerce_single":["https:\/\/l2playoficial.com.br\/wfe\/wp-content\/uploads\/2025\/07\/download.webp",360,540,false],"woocommerce_gallery_thumbnail":["https:\/\/l2playoficial.com.br\/wfe\/wp-content\/uploads\/2025\/07\/download-100x100.webp",100,100,true]},"uagb_author_info":{"display_name":"adminl2","author_link":"https:\/\/l2playoficial.com.br\/wfe\/author\/"},"uagb_comment_info":0,"uagb_excerpt":"Dra. Jung Se-ok, uma neurocirurgi\u00e3 brilhante, mas desgra\u00e7ada, assombrada por uma trag\u00e9dia passada. Privada de sua licen\u00e7a m\u00e9dica, ela recorre \u00e0 realiza\u00e7\u00e3o de cirurgias ilegais nas sombras, movida por uma sede insaci\u00e1vel de ultrapassar os limites da neuroci\u00eancia. Lan\u00e7amento:2025 Dura\u00e7\u00e3o:60 min G\u00eanero:Crime, Drama, Suspense Idioma:Portugu\u00eas | Ingl\u00eas | Coreano Legenda:[Multiple Subtitle]","_links":{"self":[{"href":"https:\/\/l2playoficial.com.br\/wfe\/wp-json\/wp\/v2\/product\/175","targetHints":{"allow":["GET"]}}],"collection":[{"href":"https:\/\/l2playoficial.com.br\/wfe\/wp-json\/wp\/v2\/product"}],"about":[{"href":"https:\/\/l2playoficial.com.br\/wfe\/wp-json\/wp\/v2\/types\/product"}],"replies":[{"embeddable":true,"href":"https:\/\/l2playoficial.com.br\/wfe\/wp-json\/wp\/v2\/comments?post=175"}],"wp:featuredmedia":[{"embeddable":true,"href":"https:\/\/l2playoficial.com.br\/wfe\/wp-json\/wp\/v2\/media\/176"}],"wp:attachment":[{"href":"https:\/\/l2playoficial.com.br\/wfe\/wp-json\/wp\/v2\/media?parent=175"}],"wp:term":[{"taxonomy":"product_brand","embeddable":true,"href":"https:\/\/l2playoficial.com.br\/wfe\/wp-json\/wp\/v2\/product_brand?post=175"},{"taxonomy":"product_cat","embeddable":true,"href":"https:\/\/l2playoficial.com.br\/wfe\/wp-json\/wp\/v2\/product_cat?post=175"},{"taxonomy":"product_tag","embeddable":true,"href":"https:\/\/l2playoficial.com.br\/wfe\/wp-json\/wp\/v2\/product_tag?post=175"}],"curies":[{"name":"wp","href":"https:\/\/api.w.org\/{rel}","templated":true}]}}